{"id":248195,"date":"2021-11-19T08:56:53","date_gmt":"2021-11-19T07:56:53","guid":{"rendered":"https:\/\/runningmama.it\/shop\/?post_type=product&#038;p=248195"},"modified":"2023-12-20T11:54:24","modified_gmt":"2023-12-20T10:54:24","slug":"felpa-zebrata","status":"publish","type":"product","link":"https:\/\/runningmama.it\/shop\/product\/felpa-zebrata\/","title":{"rendered":"Felpa linea ZEBRATA"},"content":{"rendered":"<p><img decoding=\"async\" class=\"alignnone wp-image-248218 size-full lazyload\" src=\"data:image\/gif;base64,R0lGODlhAQABAIAAAAAAAP\/\/\/yH5BAEAAAAALAAAAAABAAEAAAIBRAA7\" data-src=\"https:\/\/runningmama.it\/shop\/wp-content\/uploads\/2021\/10\/tabella-taglie-1.jpg\" alt=\"\" width=\"705\" height=\"1000\" \/><noscript><img decoding=\"async\" class=\"alignnone wp-image-248218 size-full lazyload\" src=\"https:\/\/runningmama.it\/shop\/wp-content\/uploads\/2021\/10\/tabella-taglie-1.jpg\" alt=\"\" width=\"705\" height=\"1000\" srcset=\"https:\/\/runningmama.it\/shop\/wp-content\/uploads\/2021\/10\/tabella-taglie-1.jpg 705w, https:\/\/runningmama.it\/shop\/wp-content\/uploads\/2021\/10\/tabella-taglie-1-480x681.jpg 480w\" sizes=\"(min-width: 0px) and (max-width: 480px) 480px, (min-width: 481px) 705px, 100vw\" \/><\/noscript><\/p>\n","protected":false},"excerpt":{"rendered":"<p>Scopri la nuova linea di abbigliamento tecnico<br \/>\n<strong>Running Mama!<\/strong><\/p>\n<p>La <strong>felpa con cappuccio<\/strong> Running Mama \u00e8 perfetta per le giornate fredde, avvolge il corpo e protegge dalle temperature pi\u00f9 rigide grazie ad una vestibilit\u00e0 regolare, realizzata con un innovativo tessuto felpato in microfibra che concede al capo un aspetto raffinato, mantenendo al tempo stesso una delicatissima morbidezza al tatto.<\/p>\n<div dir=\"auto\"><\/div>\n<div dir=\"auto\">Le maniche lunghe sono sviluppate con occhielli per il pollice, che garantiscono una migliore copertura delle mani.<\/div>\n<div dir=\"auto\"><\/div>\n<div dir=\"auto\">Rifinita con cappuccio sportivo, avvolge il capo come una seconda pelle grazie alla finitura dell\u2019obl\u00f2 in bordo elasticizzato, e consente di riparare il collo dal vento.<\/div>\n<div dir=\"auto\"><\/div>\n<div dir=\"auto\">Completano il capo la comoda apertura sul davanti e le tasche in vita con chiusura zip, per proteggere i tuoi oggetti personali.<\/div>\n","protected":false},"featured_media":248208,"comment_status":"open","ping_status":"closed","template":"","meta":{"_et_pb_use_builder":"","_et_pb_old_content":"","_et_gb_content_width":"","_joinchat":[]},"product_brand":[],"product_cat":[43],"product_tag":[],"class_list":{"0":"post-248195","1":"product","2":"type-product","3":"status-publish","4":"has-post-thumbnail","6":"product_cat-abbigliamento-tutto","8":"first","9":"outofstock","10":"taxable","11":"shipping-taxable","12":"purchasable","13":"product-type-variable"},"yoast_head":"<!-- This site is optimized with the Yoast SEO plugin v27.4 - https:\/\/yoast.com\/product\/yoast-seo-wordpress\/ -->\n<title>Felpa linea ZEBRATA - Running Mama<\/title>\n<meta name=\"description\" content=\"Scopri la nuova linea di abbigliamento tecnico Running Mama! Ecco il top sportivo Running Mama, capo essenziale ma fondamentale per le tue sessioni di allenamento indoor e outdoor! Linea semplice, scollo all&#039;americana e spalline larghe, aderisce perfettamente al corpo e lo avvolge in una piacevole sensazione di compressione, che lo rende sicuro ad ogni movimento e garantisce sostegno e comfort durante ogni tipo di allenamento, ripetizione o salto.Realizzato in tessuto elasticizzato made in Italy, rifinito con elastico sottoseno. E&#039; facile da trattare nel lavaggio.\" \/>\n<meta name=\"robots\" content=\"index, follow, max-snippet:-1, max-image-preview:large, max-video-preview:-1\" \/>\n<link rel=\"canonical\" href=\"https:\/\/runningmama.it\/shop\/product\/felpa-zebrata\/\" \/>\n<meta property=\"og:locale\" content=\"it_IT\" \/>\n<meta property=\"og:type\" content=\"article\" \/>\n<meta property=\"og:title\" content=\"Felpa linea ZEBRATA - Running Mama\" \/>\n<meta property=\"og:description\" content=\"Scopri la nuova linea di abbigliamento tecnico Running Mama! Ecco il top sportivo Running Mama, capo essenziale ma fondamentale per le tue sessioni di allenamento indoor e outdoor! Linea semplice, scollo all&#039;americana e spalline larghe, aderisce perfettamente al corpo e lo avvolge in una piacevole sensazione di compressione, che lo rende sicuro ad ogni movimento e garantisce sostegno e comfort durante ogni tipo di allenamento, ripetizione o salto.Realizzato in tessuto elasticizzato made in Italy, rifinito con elastico sottoseno. E&#039; facile da trattare nel lavaggio.\" \/>\n<meta property=\"og:url\" content=\"https:\/\/runningmama.it\/shop\/product\/felpa-zebrata\/\" \/>\n<meta property=\"og:site_name\" content=\"Running Mama\" \/>\n<meta property=\"article:publisher\" content=\"https:\/\/www.facebook.com\/runningmama1\" \/>\n<meta property=\"article:modified_time\" content=\"2023-12-20T10:54:24+00:00\" \/>\n<meta property=\"og:image\" content=\"https:\/\/runningmama.it\/shop\/wp-content\/uploads\/2021\/10\/giacca_0115-scaled.jpg\" \/>\n\t<meta property=\"og:image:width\" content=\"2560\" \/>\n\t<meta property=\"og:image:height\" content=\"2560\" \/>\n\t<meta property=\"og:image:type\" content=\"image\/jpeg\" \/>\n<meta name=\"twitter:card\" content=\"summary_large_image\" \/>\n<meta name=\"twitter:label1\" content=\"Tempo di lettura stimato\" \/>\n\t<meta name=\"twitter:data1\" content=\"1 minuto\" \/>\n<script type=\"application\/ld+json\" class=\"yoast-schema-graph\">{\"@context\":\"https:\\\/\\\/schema.org\",\"@graph\":[{\"@type\":\"WebPage\",\"@id\":\"https:\\\/\\\/runningmama.it\\\/shop\\\/product\\\/felpa-zebrata\\\/\",\"url\":\"https:\\\/\\\/runningmama.it\\\/shop\\\/product\\\/felpa-zebrata\\\/\",\"name\":\"Felpa linea ZEBRATA - Running Mama\",\"isPartOf\":{\"@id\":\"https:\\\/\\\/runningmama.it\\\/shop\\\/#website\"},\"primaryImageOfPage\":{\"@id\":\"https:\\\/\\\/runningmama.it\\\/shop\\\/product\\\/felpa-zebrata\\\/#primaryimage\"},\"image\":{\"@id\":\"https:\\\/\\\/runningmama.it\\\/shop\\\/product\\\/felpa-zebrata\\\/#primaryimage\"},\"thumbnailUrl\":\"https:\\\/\\\/runningmama.it\\\/shop\\\/wp-content\\\/uploads\\\/2021\\\/10\\\/giacca_0115-scaled.jpg\",\"datePublished\":\"2021-11-19T07:56:53+00:00\",\"dateModified\":\"2023-12-20T10:54:24+00:00\",\"description\":\"Scopri la nuova linea di abbigliamento tecnico Running Mama! Ecco il top sportivo Running Mama, capo essenziale ma fondamentale per le tue sessioni di allenamento indoor e outdoor! Linea semplice, scollo all'americana e spalline larghe, aderisce perfettamente al corpo e lo avvolge in una piacevole sensazione di compressione, che lo rende sicuro ad ogni movimento e garantisce sostegno e comfort durante ogni tipo di allenamento, ripetizione o salto.Realizzato in tessuto elasticizzato made in Italy, rifinito con elastico sottoseno. E' facile da trattare nel lavaggio.\",\"breadcrumb\":{\"@id\":\"https:\\\/\\\/runningmama.it\\\/shop\\\/product\\\/felpa-zebrata\\\/#breadcrumb\"},\"inLanguage\":\"it-IT\",\"potentialAction\":[{\"@type\":\"ReadAction\",\"target\":[\"https:\\\/\\\/runningmama.it\\\/shop\\\/product\\\/felpa-zebrata\\\/\"]}]},{\"@type\":\"ImageObject\",\"inLanguage\":\"it-IT\",\"@id\":\"https:\\\/\\\/runningmama.it\\\/shop\\\/product\\\/felpa-zebrata\\\/#primaryimage\",\"url\":\"https:\\\/\\\/runningmama.it\\\/shop\\\/wp-content\\\/uploads\\\/2021\\\/10\\\/giacca_0115-scaled.jpg\",\"contentUrl\":\"https:\\\/\\\/runningmama.it\\\/shop\\\/wp-content\\\/uploads\\\/2021\\\/10\\\/giacca_0115-scaled.jpg\",\"width\":2560,\"height\":2560},{\"@type\":\"BreadcrumbList\",\"@id\":\"https:\\\/\\\/runningmama.it\\\/shop\\\/product\\\/felpa-zebrata\\\/#breadcrumb\",\"itemListElement\":[{\"@type\":\"ListItem\",\"position\":1,\"name\":\"Home\",\"item\":\"https:\\\/\\\/runningmama.it\\\/shop\\\/\"},{\"@type\":\"ListItem\",\"position\":2,\"name\":\"Shop\",\"item\":\"https:\\\/\\\/runningmama.it\\\/shop\\\/\"},{\"@type\":\"ListItem\",\"position\":3,\"name\":\"Abbigliamento\",\"item\":\"https:\\\/\\\/runningmama.it\\\/shop\\\/categoria-prodotto\\\/abbigliamento-tutto\\\/\"},{\"@type\":\"ListItem\",\"position\":4,\"name\":\"Felpa linea ZEBRATA\"}]},{\"@type\":\"WebSite\",\"@id\":\"https:\\\/\\\/runningmama.it\\\/shop\\\/#website\",\"url\":\"https:\\\/\\\/runningmama.it\\\/shop\\\/\",\"name\":\"Running Mama\",\"description\":\"Shop Ufficiale\",\"publisher\":{\"@id\":\"https:\\\/\\\/runningmama.it\\\/shop\\\/#organization\"},\"potentialAction\":[{\"@type\":\"SearchAction\",\"target\":{\"@type\":\"EntryPoint\",\"urlTemplate\":\"https:\\\/\\\/runningmama.it\\\/shop\\\/?s={search_term_string}\"},\"query-input\":{\"@type\":\"PropertyValueSpecification\",\"valueRequired\":true,\"valueName\":\"search_term_string\"}}],\"inLanguage\":\"it-IT\"},{\"@type\":\"Organization\",\"@id\":\"https:\\\/\\\/runningmama.it\\\/shop\\\/#organization\",\"name\":\"Running Mama SRLS\",\"url\":\"https:\\\/\\\/runningmama.it\\\/shop\\\/\",\"logo\":{\"@type\":\"ImageObject\",\"inLanguage\":\"it-IT\",\"@id\":\"https:\\\/\\\/runningmama.it\\\/shop\\\/#\\\/schema\\\/logo\\\/image\\\/\",\"url\":\"https:\\\/\\\/runningmama.it\\\/shop\\\/wp-content\\\/uploads\\\/2020\\\/11\\\/RUNMA_logo-2X.png\",\"contentUrl\":\"https:\\\/\\\/runningmama.it\\\/shop\\\/wp-content\\\/uploads\\\/2020\\\/11\\\/RUNMA_logo-2X.png\",\"width\":604,\"height\":300,\"caption\":\"Running Mama SRLS\"},\"image\":{\"@id\":\"https:\\\/\\\/runningmama.it\\\/shop\\\/#\\\/schema\\\/logo\\\/image\\\/\"},\"sameAs\":[\"https:\\\/\\\/www.facebook.com\\\/runningmama1\",\"https:\\\/\\\/www.instagram.com\\\/_runningmama_\\\/?hl=it\"]}]}<\/script>\n<!-- \/ Yoast SEO plugin. -->","yoast_head_json":{"title":"Felpa linea ZEBRATA - Running Mama","description":"Scopri la nuova linea di abbigliamento tecnico Running Mama! Ecco il top sportivo Running Mama, capo essenziale ma fondamentale per le tue sessioni di allenamento indoor e outdoor! Linea semplice, scollo all'americana e spalline larghe, aderisce perfettamente al corpo e lo avvolge in una piacevole sensazione di compressione, che lo rende sicuro ad ogni movimento e garantisce sostegno e comfort durante ogni tipo di allenamento, ripetizione o salto.Realizzato in tessuto elasticizzato made in Italy, rifinito con elastico sottoseno. E' facile da trattare nel lavaggio.","robots":{"index":"index","follow":"follow","max-snippet":"max-snippet:-1","max-image-preview":"max-image-preview:large","max-video-preview":"max-video-preview:-1"},"canonical":"https:\/\/runningmama.it\/shop\/product\/felpa-zebrata\/","og_locale":"it_IT","og_type":"article","og_title":"Felpa linea ZEBRATA - Running Mama","og_description":"Scopri la nuova linea di abbigliamento tecnico Running Mama! Ecco il top sportivo Running Mama, capo essenziale ma fondamentale per le tue sessioni di allenamento indoor e outdoor! Linea semplice, scollo all'americana e spalline larghe, aderisce perfettamente al corpo e lo avvolge in una piacevole sensazione di compressione, che lo rende sicuro ad ogni movimento e garantisce sostegno e comfort durante ogni tipo di allenamento, ripetizione o salto.Realizzato in tessuto elasticizzato made in Italy, rifinito con elastico sottoseno. E' facile da trattare nel lavaggio.","og_url":"https:\/\/runningmama.it\/shop\/product\/felpa-zebrata\/","og_site_name":"Running Mama","article_publisher":"https:\/\/www.facebook.com\/runningmama1","article_modified_time":"2023-12-20T10:54:24+00:00","og_image":[{"width":2560,"height":2560,"url":"https:\/\/runningmama.it\/shop\/wp-content\/uploads\/2021\/10\/giacca_0115-scaled.jpg","type":"image\/jpeg"}],"twitter_card":"summary_large_image","twitter_misc":{"Tempo di lettura stimato":"1 minuto"},"schema":{"@context":"https:\/\/schema.org","@graph":[{"@type":"WebPage","@id":"https:\/\/runningmama.it\/shop\/product\/felpa-zebrata\/","url":"https:\/\/runningmama.it\/shop\/product\/felpa-zebrata\/","name":"Felpa linea ZEBRATA - Running Mama","isPartOf":{"@id":"https:\/\/runningmama.it\/shop\/#website"},"primaryImageOfPage":{"@id":"https:\/\/runningmama.it\/shop\/product\/felpa-zebrata\/#primaryimage"},"image":{"@id":"https:\/\/runningmama.it\/shop\/product\/felpa-zebrata\/#primaryimage"},"thumbnailUrl":"https:\/\/runningmama.it\/shop\/wp-content\/uploads\/2021\/10\/giacca_0115-scaled.jpg","datePublished":"2021-11-19T07:56:53+00:00","dateModified":"2023-12-20T10:54:24+00:00","description":"Scopri la nuova linea di abbigliamento tecnico Running Mama! Ecco il top sportivo Running Mama, capo essenziale ma fondamentale per le tue sessioni di allenamento indoor e outdoor! Linea semplice, scollo all'americana e spalline larghe, aderisce perfettamente al corpo e lo avvolge in una piacevole sensazione di compressione, che lo rende sicuro ad ogni movimento e garantisce sostegno e comfort durante ogni tipo di allenamento, ripetizione o salto.Realizzato in tessuto elasticizzato made in Italy, rifinito con elastico sottoseno. E' facile da trattare nel lavaggio.","breadcrumb":{"@id":"https:\/\/runningmama.it\/shop\/product\/felpa-zebrata\/#breadcrumb"},"inLanguage":"it-IT","potentialAction":[{"@type":"ReadAction","target":["https:\/\/runningmama.it\/shop\/product\/felpa-zebrata\/"]}]},{"@type":"ImageObject","inLanguage":"it-IT","@id":"https:\/\/runningmama.it\/shop\/product\/felpa-zebrata\/#primaryimage","url":"https:\/\/runningmama.it\/shop\/wp-content\/uploads\/2021\/10\/giacca_0115-scaled.jpg","contentUrl":"https:\/\/runningmama.it\/shop\/wp-content\/uploads\/2021\/10\/giacca_0115-scaled.jpg","width":2560,"height":2560},{"@type":"BreadcrumbList","@id":"https:\/\/runningmama.it\/shop\/product\/felpa-zebrata\/#breadcrumb","itemListElement":[{"@type":"ListItem","position":1,"name":"Home","item":"https:\/\/runningmama.it\/shop\/"},{"@type":"ListItem","position":2,"name":"Shop","item":"https:\/\/runningmama.it\/shop\/"},{"@type":"ListItem","position":3,"name":"Abbigliamento","item":"https:\/\/runningmama.it\/shop\/categoria-prodotto\/abbigliamento-tutto\/"},{"@type":"ListItem","position":4,"name":"Felpa linea ZEBRATA"}]},{"@type":"WebSite","@id":"https:\/\/runningmama.it\/shop\/#website","url":"https:\/\/runningmama.it\/shop\/","name":"Running Mama","description":"Shop Ufficiale","publisher":{"@id":"https:\/\/runningmama.it\/shop\/#organization"},"potentialAction":[{"@type":"SearchAction","target":{"@type":"EntryPoint","urlTemplate":"https:\/\/runningmama.it\/shop\/?s={search_term_string}"},"query-input":{"@type":"PropertyValueSpecification","valueRequired":true,"valueName":"search_term_string"}}],"inLanguage":"it-IT"},{"@type":"Organization","@id":"https:\/\/runningmama.it\/shop\/#organization","name":"Running Mama SRLS","url":"https:\/\/runningmama.it\/shop\/","logo":{"@type":"ImageObject","inLanguage":"it-IT","@id":"https:\/\/runningmama.it\/shop\/#\/schema\/logo\/image\/","url":"https:\/\/runningmama.it\/shop\/wp-content\/uploads\/2020\/11\/RUNMA_logo-2X.png","contentUrl":"https:\/\/runningmama.it\/shop\/wp-content\/uploads\/2020\/11\/RUNMA_logo-2X.png","width":604,"height":300,"caption":"Running Mama SRLS"},"image":{"@id":"https:\/\/runningmama.it\/shop\/#\/schema\/logo\/image\/"},"sameAs":["https:\/\/www.facebook.com\/runningmama1","https:\/\/www.instagram.com\/_runningmama_\/?hl=it"]}]}},"_links":{"self":[{"href":"https:\/\/runningmama.it\/shop\/wp-json\/wp\/v2\/product\/248195","targetHints":{"allow":["GET"]}}],"collection":[{"href":"https:\/\/runningmama.it\/shop\/wp-json\/wp\/v2\/product"}],"about":[{"href":"https:\/\/runningmama.it\/shop\/wp-json\/wp\/v2\/types\/product"}],"replies":[{"embeddable":true,"href":"https:\/\/runningmama.it\/shop\/wp-json\/wp\/v2\/comments?post=248195"}],"wp:featuredmedia":[{"embeddable":true,"href":"https:\/\/runningmama.it\/shop\/wp-json\/wp\/v2\/media\/248208"}],"wp:attachment":[{"href":"https:\/\/runningmama.it\/shop\/wp-json\/wp\/v2\/media?parent=248195"}],"wp:term":[{"taxonomy":"product_brand","embeddable":true,"href":"https:\/\/runningmama.it\/shop\/wp-json\/wp\/v2\/product_brand?post=248195"},{"taxonomy":"product_cat","embeddable":true,"href":"https:\/\/runningmama.it\/shop\/wp-json\/wp\/v2\/product_cat?post=248195"},{"taxonomy":"product_tag","embeddable":true,"href":"https:\/\/runningmama.it\/shop\/wp-json\/wp\/v2\/product_tag?post=248195"}],"curies":[{"name":"wp","href":"https:\/\/api.w.org\/{rel}","templated":true}]}}